{"id":1091,"date":"2018-02-28T14:40:59","date_gmt":"2018-02-28T14:40:59","guid":{"rendered":"https:\/\/www.taxiairportboeken.nl\/?page_id=1091"},"modified":"2018-02-28T14:40:59","modified_gmt":"2018-02-28T14:40:59","slug":"reviews","status":"publish","type":"page","link":"https:\/\/taxiairportboeken.nl\/en\/about-us\/reviews\/","title":{"rendered":"Reviews"},"content":{"rendered":"<p>[et_pb_section bb_built=&#8221;1&#8243; admin_label=&#8221;section&#8221; background_color=&#8221;#000000&#8243; background_image=&#8221;http:\/\/www.taxiairportboeken.nl\/wp-content\/uploads\/2017\/06\/pexels-photo-10.jpg&#8221; padding_mobile=&#8221;off&#8221;][et_pb_row admin_label=&#8221;row&#8221;][et_pb_column type=&#8221;4_4&#8243;][et_pb_text admin_label=&#8221;Text&#8221; text_orientation=&#8221;center&#8221; text_font=&#8221;Roboto|on|||&#8221; text_font_size=&#8221;24&#8243; text_text_color=&#8221;#9da0a6&#8243; custom_margin=&#8221;100px||0px|&#8221;]<\/p>\n<p>Reviews<\/p>\n<p>[\/et_pb_text][et_pb_text admin_label=&#8221;Text&#8221; text_orientation=&#8221;center&#8221; text_font=&#8221;Roboto||||&#8221; text_font_size=&#8221;64&#8243; text_font_size_tablet=&#8221;54&#8243; text_font_size_last_edited=&#8221;on|phone&#8221; text_text_color=&#8221;#ffffff&#8221; text_line_height=&#8221;1.4em&#8221; custom_margin=&#8221;6px|||&#8221;]<\/p>\n<p>Happy customers.<\/p>\n<p>[\/et_pb_text][\/et_pb_column][\/et_pb_row][et_pb_row admin_label=&#8221;Row&#8221; use_custom_gutter=&#8221;on&#8221; gutter_width=&#8221;2&#8243; custom_padding=&#8221;49px||8px|&#8221; custom_padding_tablet=&#8221;49px|||&#8221; custom_padding_phone=&#8221;19px|||&#8221; column_padding_mobile=&#8221;on&#8221; background_color_1=&#8221;#ffffff&#8221; background_color_2=&#8221;#ffffff&#8221; background_color_3=&#8221;#ffffff&#8221; parallax_method_1=&#8221;off&#8221; parallax_method_2=&#8221;off&#8221; parallax_method_3=&#8221;off&#8221; custom_css_main_1=&#8221;border: 1px solid #fff;||border-radius: 4px;&#8221; custom_css_main_2=&#8221;border: 1px solid #fff;||border-radius: 4px;&#8221; custom_css_main_3=&#8221;border: 1px solid #fff;||border-radius: 4px;&#8221; custom_padding_last_edited=&#8221;on|phone&#8221;][et_pb_column type=&#8221;1_3&#8243;][et_pb_text admin_label=&#8221;Text&#8221; text_font=&#8221;Roboto|on|||&#8221; text_font_size=&#8221;20&#8243; text_text_color=&#8221;#1a1b1b&#8221; text_line_height=&#8221;1.5em&#8221; custom_margin=&#8221;35px||0px|30px&#8221; custom_margin_last_edited=&#8221;on|phone&#8221;]<\/p>\n<p>John Lennart<\/p>\n<p style=\"color: #4189cb; font-size: 15px; margin-top: -18px; font-weight: 400;\" class=\"et-fb-mce-line-break-holder\">\n<p>[\/et_pb_text][et_pb_text admin_label=&#8221;Text&#8221; max_width=&#8221;90%&#8221; text_font=&#8221;Roboto||||&#8221; text_font_size=&#8221;18&#8243; text_text_color=&#8221;#606060&#8243; text_line_height=&#8221;1.5em&#8221; custom_margin=&#8221;30px||0px|30px&#8221; custom_margin_last_edited=&#8221;on|phone&#8221; custom_css_main_element=&#8221;font-weight: 400;&#8221;]<\/p>\n<p>&#8220;Excellent service, nice driver very polite. He dropped us on the airport on the exact time. Top service &#8220;<\/p>\n<p>[\/et_pb_text][et_pb_text admin_label=&#8221;Text&#8221; custom_margin=&#8221;25px||23px|30px&#8221; \/][\/et_pb_column][et_pb_column type=&#8221;1_3&#8243;][et_pb_text admin_label=&#8221;Text&#8221; text_font=&#8221;Roboto|on|||&#8221; text_font_size=&#8221;20&#8243; text_text_color=&#8221;#1a1b1b&#8221; text_line_height=&#8221;1.5em&#8221; custom_margin=&#8221;35px||0px|30px&#8221; custom_margin_last_edited=&#8221;on|phone&#8221;]<\/p>\n<p>Petra\u00a0<\/p>\n<p style=\"color: #4189cb; font-size: 15px; margin-top: -18px; font-weight: 400;\" class=\"et-fb-mce-line-break-holder\">\n<p>[\/et_pb_text][et_pb_text admin_label=&#8221;Text&#8221; max_width=&#8221;90%&#8221; text_font=&#8221;Roboto||||&#8221; text_font_size=&#8221;18&#8243; text_text_color=&#8221;#606060&#8243; text_line_height=&#8221;1.5em&#8221; custom_margin=&#8221;30px||0px|30px&#8221; custom_margin_last_edited=&#8221;on|phone&#8221; custom_css_main_element=&#8221;font-weight: 400;&#8221;]<\/p>\n<p>&#8220;La r\u00e9servation initiale en ligne \u00e9tait tr\u00e8s simple et professionnelle. Bye, le meilleur!&#8221;<\/p>\n<p>[\/et_pb_text][et_pb_text admin_label=&#8221;Text&#8221; custom_margin=&#8221;25px||23px|30px&#8221; \/][\/et_pb_column][et_pb_column type=&#8221;1_3&#8243;][et_pb_text admin_label=&#8221;Text&#8221; max_width=&#8221;90%&#8221; text_font=&#8221;Roboto||||&#8221; text_font_size=&#8221;18&#8243; text_text_color=&#8221;#606060&#8243; text_line_height=&#8221;1.5em&#8221; custom_margin=&#8221;30px||0px|30px&#8221; custom_margin_last_edited=&#8221;on|phone&#8221; custom_css_main_element=&#8221;font-weight: 400;&#8221;]<\/p>\n<p><span style=\"color: #1a1b1b; font-size: 20px; font-weight: bold; background-color: #ffffff;\">James<br \/><\/span><br \/>&#8220;Goede en snelle service. Ook het ontvangst op het vliegveld in Antwerpen\u00a0is hartelijk en goed.&#8221;<\/p>\n<p>[\/et_pb_text][et_pb_text admin_label=&#8221;Text&#8221; custom_margin=&#8221;25px||23px|30px&#8221; \/][\/et_pb_column][\/et_pb_row][et_pb_row admin_label=&#8221;Row&#8221; use_custom_gutter=&#8221;on&#8221; gutter_width=&#8221;2&#8243; custom_padding=&#8221;49px||8px|&#8221; custom_padding_tablet=&#8221;49px|||&#8221; custom_padding_phone=&#8221;19px|||&#8221; column_padding_mobile=&#8221;on&#8221; background_color_1=&#8221;#ffffff&#8221; background_color_2=&#8221;#ffffff&#8221; background_color_3=&#8221;#ffffff&#8221; parallax_method_1=&#8221;off&#8221; parallax_method_2=&#8221;off&#8221; parallax_method_3=&#8221;off&#8221; custom_css_main_1=&#8221;border: 1px solid #fff;||border-radius: 4px;&#8221; custom_css_main_2=&#8221;border: 1px solid #fff;||border-radius: 4px;&#8221; custom_css_main_3=&#8221;border: 1px solid #fff;||border-radius: 4px;&#8221; custom_padding_last_edited=&#8221;on|phone&#8221;][et_pb_column type=&#8221;1_3&#8243;][et_pb_text admin_label=&#8221;Text&#8221; text_font=&#8221;Roboto|on|||&#8221; text_font_size=&#8221;20&#8243; text_text_color=&#8221;#1a1b1b&#8221; text_line_height=&#8221;1.5em&#8221; custom_margin=&#8221;35px||0px|30px&#8221; custom_margin_last_edited=&#8221;on|phone&#8221;]<\/p>\n<p class=\"\">Mathijs<\/p>\n<p style=\"color: #4189cb; font-size: 15px; margin-top: -18px; font-weight: 400;\" class=\"et-fb-mce-line-break-holder\">\n<p>[\/et_pb_text][et_pb_text admin_label=&#8221;Text&#8221; max_width=&#8221;90%&#8221; text_font=&#8221;Roboto||||&#8221; text_font_size=&#8221;18&#8243; text_text_color=&#8221;#606060&#8243; text_line_height=&#8221;1.5em&#8221; custom_margin=&#8221;30px||0px|30px&#8221; custom_margin_last_edited=&#8221;on|phone&#8221; custom_css_main_element=&#8221;font-weight: 400;&#8221;]<\/p>\n<p>&#8220;muy amable servicio profesional sin problemas en absoluto Yo estaba viajando al extranjero con 3 adultos j\u00f3venes y 2 ni\u00f1os as\u00ed que vali\u00f3 la pena.&#8221;<\/p>\n<p>[\/et_pb_text][et_pb_text admin_label=&#8221;Text&#8221; custom_margin=&#8221;25px||23px|30px&#8221; \/][\/et_pb_column][et_pb_column type=&#8221;1_3&#8243;][et_pb_text admin_label=&#8221;Text&#8221; text_font=&#8221;Roboto|on|||&#8221; text_font_size=&#8221;20&#8243; text_text_color=&#8221;#1a1b1b&#8221; text_line_height=&#8221;1.5em&#8221; custom_margin=&#8221;35px||0px|30px&#8221; custom_margin_last_edited=&#8221;on|phone&#8221;]<\/p>\n<p>Astrid J.<\/p>\n<p style=\"color: #4189cb; font-size: 15px; margin-top: -18px; font-weight: 400;\" class=\"et-fb-mce-line-break-holder\">\n<p>[\/et_pb_text][et_pb_text admin_label=&#8221;Text&#8221; max_width=&#8221;90%&#8221; text_font=&#8221;Roboto||||&#8221; text_font_size=&#8221;18&#8243; text_text_color=&#8221;#606060&#8243; text_line_height=&#8221;1.5em&#8221; custom_margin=&#8221;30px||0px|30px&#8221; custom_margin_last_edited=&#8221;on|phone&#8221; custom_css_main_element=&#8221;font-weight: 400;&#8221;]<\/p>\n<p>&#8220;\u00e0 d\u00e9couvrir :\u00a0ponctualit\u00e9, gentillesse, savoir vivre\u00a0satisfaction totale\u00a0&#8220;<\/p>\n<p>[\/et_pb_text][et_pb_text admin_label=&#8221;Text&#8221; custom_margin=&#8221;25px||23px|30px&#8221; \/][\/et_pb_column][et_pb_column type=&#8221;1_3&#8243;][et_pb_text admin_label=&#8221;Text&#8221; text_font=&#8221;Roboto|on|||&#8221; text_font_size=&#8221;20&#8243; text_text_color=&#8221;#1a1b1b&#8221; text_line_height=&#8221;1.5em&#8221; custom_margin=&#8221;35px||0px|30px&#8221; custom_margin_last_edited=&#8221;on|phone&#8221;]<\/p>\n<p>Kevin Stark<\/p>\n<p style=\"color: #4189cb; font-size: 15px; margin-top: -18px; font-weight: 400;\" class=\"et-fb-mce-line-break-holder\">\n<p>[\/et_pb_text][et_pb_text admin_label=&#8221;Text&#8221; max_width=&#8221;90%&#8221; text_font=&#8221;Roboto||||&#8221; text_font_size=&#8221;18&#8243; text_text_color=&#8221;#606060&#8243; text_line_height=&#8221;1.5em&#8221; custom_margin=&#8221;30px||0px|30px&#8221; custom_margin_last_edited=&#8221;on|phone&#8221; custom_css_main_element=&#8221;font-weight: 400;&#8221;]<\/p>\n<p>&#8220;Prima afspraak, chauffeur was op tijd. Vriendelijk en correct. Was een goede afsluiting van onze vakantie. Lees meer&#8221;<\/p>\n<p>[\/et_pb_text][et_pb_text admin_label=&#8221;Text&#8221; custom_margin=&#8221;25px||23px|30px&#8221; \/][\/et_pb_column][\/et_pb_row][et_pb_row admin_label=&#8221;Row&#8221; use_custom_gutter=&#8221;on&#8221; gutter_width=&#8221;2&#8243; custom_padding=&#8221;49px||8px|&#8221; custom_padding_tablet=&#8221;49px|||&#8221; custom_padding_phone=&#8221;19px|||&#8221; column_padding_mobile=&#8221;on&#8221; background_color_1=&#8221;#ffffff&#8221; background_color_2=&#8221;#ffffff&#8221; background_color_3=&#8221;#ffffff&#8221; parallax_method_1=&#8221;off&#8221; parallax_method_2=&#8221;off&#8221; parallax_method_3=&#8221;off&#8221; custom_css_main_1=&#8221;border: 1px solid #fff;||border-radius: 4px;&#8221; custom_css_main_2=&#8221;border: 1px solid #fff;||border-radius: 4px;&#8221; custom_css_main_3=&#8221;border: 1px solid #fff;||border-radius: 4px;&#8221; custom_padding_last_edited=&#8221;on|phone&#8221;][et_pb_column type=&#8221;1_3&#8243;][et_pb_text admin_label=&#8221;Text&#8221; text_font=&#8221;Roboto|on|||&#8221; text_font_size=&#8221;20&#8243; text_text_color=&#8221;#1a1b1b&#8221; text_line_height=&#8221;1.5em&#8221; custom_margin=&#8221;35px||0px|30px&#8221; custom_margin_last_edited=&#8221;on|phone&#8221;]<\/p>\n<p class=\"\">Samir<\/p>\n<p style=\"color: #4189cb; font-size: 15px; margin-top: -18px; font-weight: 400;\" class=\"et-fb-mce-line-break-holder\">\n<p>[\/et_pb_text][et_pb_text admin_label=&#8221;Text&#8221; max_width=&#8221;90%&#8221; text_font=&#8221;Roboto||||&#8221; text_font_size=&#8221;18&#8243; text_text_color=&#8221;#606060&#8243; text_line_height=&#8221;1.5em&#8221; custom_margin=&#8221;30px||0px|30px&#8221; custom_margin_last_edited=&#8221;on|phone&#8221; custom_css_main_element=&#8221;font-weight: 400;&#8221;]<\/p>\n<p>&#8220;Erg prettige en snelle service. Ik belde en binnen een half uur stond er een taxio voor de deur&#8221;<\/p>\n<p>[\/et_pb_text][et_pb_text admin_label=&#8221;Text&#8221; custom_margin=&#8221;25px||23px|30px&#8221; \/][\/et_pb_column][et_pb_column type=&#8221;1_3&#8243;][et_pb_text admin_label=&#8221;Text&#8221; text_font=&#8221;Roboto|on|||&#8221; text_font_size=&#8221;20&#8243; text_text_color=&#8221;#1a1b1b&#8221; text_line_height=&#8221;1.5em&#8221; custom_margin=&#8221;35px||0px|30px&#8221; custom_margin_last_edited=&#8221;on|phone&#8221;]<\/p>\n<p>Jamy<\/p>\n<p style=\"color: #4189cb; font-size: 15px; margin-top: -18px; font-weight: 400;\" class=\"et-fb-mce-line-break-holder\">\n<p>[\/et_pb_text][et_pb_text admin_label=&#8221;Text&#8221; max_width=&#8221;90%&#8221; text_font=&#8221;Roboto||||&#8221; text_font_size=&#8221;18&#8243; text_text_color=&#8221;#606060&#8243; text_line_height=&#8221;1.5em&#8221; custom_margin=&#8221;30px||0px|30px&#8221; custom_margin_last_edited=&#8221;on|phone&#8221; custom_css_main_element=&#8221;font-weight: 400;&#8221;]<\/p>\n<p>&#8220;Driver picked us up from Schiphol and got us to Amsterdam Centre in no time. Quick service. Will book again. &#8220;<\/p>\n<p>[\/et_pb_text][et_pb_text admin_label=&#8221;Text&#8221; custom_margin=&#8221;25px||23px|30px&#8221; \/][\/et_pb_column][et_pb_column type=&#8221;1_3&#8243;][et_pb_text admin_label=&#8221;Text&#8221; text_font=&#8221;Roboto|on|||&#8221; text_font_size=&#8221;20&#8243; text_text_color=&#8221;#1a1b1b&#8221; text_line_height=&#8221;1.5em&#8221; custom_margin=&#8221;35px||0px|30px&#8221; custom_margin_last_edited=&#8221;on|phone&#8221;]<\/p>\n<p>Tim\u00a0van der Pol<\/p>\n<p style=\"color: #4189cb; font-size: 15px; margin-top: -18px; font-weight: 400;\" class=\"\">\n<p>[\/et_pb_text][et_pb_text admin_label=&#8221;Text&#8221; max_width=&#8221;90%&#8221; text_font=&#8221;Roboto||||&#8221; text_font_size=&#8221;18&#8243; text_text_color=&#8221;#606060&#8243; text_line_height=&#8221;1.5em&#8221; custom_margin=&#8221;30px||0px|30px&#8221; custom_margin_last_edited=&#8221;on|phone&#8221; custom_css_main_element=&#8221;font-weight: 400;&#8221;]<\/p>\n<p>&#8220;Nette chauffeur, mooie wagen en een leuk gesprek gevoerd. &#8220;<\/p>\n<p>[\/et_pb_text][et_pb_text admin_label=&#8221;Text&#8221; custom_margin=&#8221;25px||23px|30px&#8221; \/][\/et_pb_column][\/et_pb_row][et_pb_row admin_label=&#8221;Row&#8221; use_custom_gutter=&#8221;on&#8221; gutter_width=&#8221;2&#8243; custom_padding=&#8221;49px||8px|&#8221; custom_padding_tablet=&#8221;49px|||&#8221; custom_padding_phone=&#8221;19px|||&#8221; column_padding_mobile=&#8221;on&#8221; background_color_1=&#8221;#ffffff&#8221; background_color_2=&#8221;#ffffff&#8221; background_color_3=&#8221;#ffffff&#8221; parallax_method_1=&#8221;off&#8221; parallax_method_2=&#8221;off&#8221; parallax_method_3=&#8221;off&#8221; custom_css_main_1=&#8221;border: 1px solid #fff;||border-radius: 4px;&#8221; custom_css_main_2=&#8221;border: 1px solid #fff;||border-radius: 4px;&#8221; custom_css_main_3=&#8221;border: 1px solid #fff;||border-radius: 4px;&#8221; custom_padding_last_edited=&#8221;on|phone&#8221;][et_pb_column type=&#8221;1_3&#8243;][et_pb_text admin_label=&#8221;Text&#8221; text_font=&#8221;Roboto|on|||&#8221; text_font_size=&#8221;20&#8243; text_text_color=&#8221;#1a1b1b&#8221; text_line_height=&#8221;1.5em&#8221; custom_margin=&#8221;35px||0px|30px&#8221; custom_margin_last_edited=&#8221;on|phone&#8221;]<\/p>\n<p class=\"\">Joseph<\/p>\n<p style=\"color: #4189cb; font-size: 15px; margin-top: -18px; font-weight: 400;\" class=\"et-fb-mce-line-break-holder\">\n<p>[\/et_pb_text][et_pb_text admin_label=&#8221;Text&#8221; max_width=&#8221;90%&#8221; text_font=&#8221;Roboto||||&#8221; text_font_size=&#8221;18&#8243; text_text_color=&#8221;#606060&#8243; text_line_height=&#8221;1.5em&#8221; custom_margin=&#8221;30px||0px|30px&#8221; custom_margin_last_edited=&#8221;on|phone&#8221; custom_css_main_element=&#8221;font-weight: 400;&#8221;]<\/p>\n<p>&#8220;We booked with this company for the first time and very happy customer. Could work some more in the taxi, while driving to the appointment. For my next visit I will book them again.&#8221;<\/p>\n<p>[\/et_pb_text][et_pb_text admin_label=&#8221;Text&#8221; custom_margin=&#8221;25px||23px|30px&#8221; \/][\/et_pb_column][et_pb_column type=&#8221;1_3&#8243;][et_pb_text admin_label=&#8221;Text&#8221; text_font=&#8221;Roboto|on|||&#8221; text_font_size=&#8221;20&#8243; text_text_color=&#8221;#1a1b1b&#8221; text_line_height=&#8221;1.5em&#8221; custom_margin=&#8221;35px||0px|30px&#8221; custom_margin_last_edited=&#8221;on|phone&#8221;]<\/p>\n<p>Mark Oosterveer<\/p>\n<p style=\"color: #4189cb; font-size: 15px; margin-top: -18px; font-weight: 400;\" class=\"et-fb-mce-line-break-holder\">\n<p>[\/et_pb_text][et_pb_text admin_label=&#8221;Text&#8221; max_width=&#8221;90%&#8221; text_font=&#8221;Roboto||||&#8221; text_font_size=&#8221;18&#8243; text_text_color=&#8221;#606060&#8243; text_line_height=&#8221;1.5em&#8221; custom_margin=&#8221;30px||0px|30px&#8221; custom_margin_last_edited=&#8221;on|phone&#8221; custom_css_main_element=&#8221;font-weight: 400;&#8221;]<\/p>\n<p>&#8220;Fijne service. Snel en een goede prijs&#8221;<\/p>\n<p>[\/et_pb_text][et_pb_text admin_label=&#8221;Text&#8221; custom_margin=&#8221;25px||23px|30px&#8221; \/][\/et_pb_column][et_pb_column type=&#8221;1_3&#8243;][et_pb_text admin_label=&#8221;Text&#8221; text_font=&#8221;Roboto|on|||&#8221; text_font_size=&#8221;20&#8243; text_text_color=&#8221;#1a1b1b&#8221; text_line_height=&#8221;1.5em&#8221; custom_margin=&#8221;35px||0px|30px&#8221; custom_margin_last_edited=&#8221;on|phone&#8221;]<\/p>\n<p>Esther de Wit<\/p>\n<p style=\"color: #4189cb; font-size: 15px; margin-top: -18px; font-weight: 400;\" class=\"et-fb-mce-line-break-holder\">\n<p>[\/et_pb_text][et_pb_text admin_label=&#8221;Text&#8221; max_width=&#8221;90%&#8221; text_font=&#8221;Roboto||||&#8221; text_font_size=&#8221;18&#8243; text_text_color=&#8221;#606060&#8243; text_line_height=&#8221;1.5em&#8221; custom_margin=&#8221;30px||0px|30px&#8221; custom_margin_last_edited=&#8221;on|phone&#8221; custom_css_main_element=&#8221;font-weight: 400;&#8221;]<\/p>\n<p>&#8220;Ik heb nu al een paar keer bij Taxi Airport Boeken besteld en elke keer tevreden.&#8221;<\/p>\n<p>[\/et_pb_text][et_pb_text admin_label=&#8221;Text&#8221; custom_margin=&#8221;25px||23px|30px&#8221; \/][\/et_pb_column][\/et_pb_row][\/et_pb_section]<\/p>\n","protected":false},"excerpt":{"rendered":"<p>Reviews Happy customers. John Lennart &#8220;Excellent service, nice driver very polite. He dropped us on the airport on the exact time. Top service &#8221; Petra\u00a0 &#8220;La r\u00e9servation initiale en ligne \u00e9tait tr\u00e8s simple et professionnelle. Bye, le meilleur!&#8221; James&#8221;Goede en snelle service. Ook het ontvangst op het vliegveld in Antwerpen\u00a0is hartelijk en goed.&#8221; Mathijs &#8220;muy [&hellip;]<\/p>\n","protected":false},"author":1,"featured_media":0,"parent":835,"menu_order":0,"comment_status":"closed","ping_status":"closed","template":"","meta":{"_et_pb_use_builder":"on","_et_pb_old_content":"","_et_gb_content_width":"","footnotes":""},"class_list":["post-1091","page","type-page","status-publish","hentry"],"_links":{"self":[{"href":"https:\/\/taxiairportboeken.nl\/en\/wp-json\/wp\/v2\/pages\/1091\/"}],"collection":[{"href":"https:\/\/taxiairportboeken.nl\/en\/wp-json\/wp\/v2\/pages\/"}],"about":[{"href":"https:\/\/taxiairportboeken.nl\/en\/wp-json\/wp\/v2\/types\/page\/"}],"author":[{"embeddable":true,"href":"https:\/\/taxiairportboeken.nl\/en\/wp-json\/wp\/v2\/users\/1\/"}],"replies":[{"embeddable":true,"href":"https:\/\/taxiairportboeken.nl\/en\/wp-json\/wp\/v2\/comments\/?post=1091"}],"version-history":[{"count":1,"href":"https:\/\/taxiairportboeken.nl\/en\/wp-json\/wp\/v2\/pages\/1091\/revisions\/"}],"predecessor-version":[{"id":1092,"href":"https:\/\/taxiairportboeken.nl\/en\/wp-json\/wp\/v2\/pages\/1091\/revisions\/1092\/"}],"up":[{"embeddable":true,"href":"https:\/\/taxiairportboeken.nl\/en\/wp-json\/wp\/v2\/pages\/835\/"}],"wp:attachment":[{"href":"https:\/\/taxiairportboeken.nl\/en\/wp-json\/wp\/v2\/media\/?parent=1091"}],"curies":[{"name":"wp","href":"https:\/\/api.w.org\/{rel}","templated":true}]}}